{"id":7846,"date":"2026-04-21T22:48:12","date_gmt":"2026-04-21T22:48:12","guid":{"rendered":"https:\/\/numo.rewindproduction.in\/?page_id=7846"},"modified":"2026-04-21T22:48:12","modified_gmt":"2026-04-21T22:48:12","slug":"ponorte-se-do-sveta-mobilniho-hrani-kde-muzete-zazit-vzrusujici-dobrodruzstvi-s-librabet-ktera-vam-poskytne-pristup-k-nejoblibenejsim-hram-a-zivym-dealerum-primo-na-vasem-smartp","status":"publish","type":"page","link":"https:\/\/numo.rewindproduction.in\/index.php\/ponorte-se-do-sveta-mobilniho-hrani-kde-muzete-zazit-vzrusujici-dobrodruzstvi-s-librabet-ktera-vam-poskytne-pristup-k-nejoblibenejsim-hram-a-zivym-dealerum-primo-na-vasem-smartp\/","title":{"rendered":"<div style=\"position: absolute; left: -7566px;\"><p>Pono\u0159te se do sv\u011bta mobiln\u00edho hran\u00ed, kde m\u016f\u017eete za\u017e\u00edt vzru\u0161uj\u00edc\u00ed dobrodru\u017estv\u00ed s <a href=\"https:\/\/librabet.cz\/\">Librabet<\/a>, kter\u00e1 v\u00e1m poskytne p\u0159\u00edstup k nejobl\u00edben\u011bj\u0161\u00edm hr\u00e1m a \u017eiv\u00fdm dealer\u016fm p\u0159\u00edmo na va\u0161em smartp.<\/p><\/div>"},"content":{"rendered":"","protected":false},"excerpt":{"rendered":"","protected":false},"author":1,"featured_media":0,"parent":0,"menu_order":0,"comment_status":"closed","ping_status":"closed","template":"","meta":{"footnotes":""},"class_list":["post-7846","page","type-page","status-publish","hentry"],"_links":{"self":[{"href":"https:\/\/numo.rewindproduction.in\/index.php\/wp-json\/wp\/v2\/pages\/7846","targetHints":{"allow":["GET"]}}],"collection":[{"href":"https:\/\/numo.rewindproduction.in\/index.php\/wp-json\/wp\/v2\/pages"}],"about":[{"href":"https:\/\/numo.rewindproduction.in\/index.php\/wp-json\/wp\/v2\/types\/page"}],"author":[{"embeddable":true,"href":"https:\/\/numo.rewindproduction.in\/index.php\/wp-json\/wp\/v2\/users\/1"}],"replies":[{"embeddable":true,"href":"https:\/\/numo.rewindproduction.in\/index.php\/wp-json\/wp\/v2\/comments?post=7846"}],"version-history":[{"count":1,"href":"https:\/\/numo.rewindproduction.in\/index.php\/wp-json\/wp\/v2\/pages\/7846\/revisions"}],"predecessor-version":[{"id":7847,"href":"https:\/\/numo.rewindproduction.in\/index.php\/wp-json\/wp\/v2\/pages\/7846\/revisions\/7847"}],"wp:attachment":[{"href":"https:\/\/numo.rewindproduction.in\/index.php\/wp-json\/wp\/v2\/media?parent=7846"}],"curies":[{"name":"wp","href":"https:\/\/api.w.org\/{rel}","templated":true}]}}